{"id":3293,"date":"2023-10-19T11:48:32","date_gmt":"2023-10-19T09:48:32","guid":{"rendered":"https:\/\/www.fytocina.com\/datenschutzbestimmungen\/"},"modified":"2024-03-21T16:26:22","modified_gmt":"2024-03-21T15:26:22","slug":"datenschutzrichtlinie","status":"publish","type":"page","link":"https:\/\/www.fytocina.com\/de\/datenschutzrichtlinie\/","title":{"rendered":"Datenschutzbestimmungen"},"content":{"rendered":"\t\t<div data-elementor-type=\"wp-page\" data-elementor-id=\"3293\" class=\"elementor elementor-3293 elementor-3\" data-elementor-post-type=\"page\">\n\t\t\t\t<div class=\"elementor-element elementor-element-1ae08cac e-flex e-con-boxed wpr-equal-height-no e-con e-parent\" data-id=\"1ae08cac\" data-element_type=\"container\" data-e-type=\"container\">\n\t\t\t\t\t<div class=\"e-con-inner\">\n\t\t\t\t<div class=\"elementor-element elementor-element-128856b elementor-widget elementor-widget-image\" data-id=\"128856b\" data-element_type=\"widget\" data-e-type=\"widget\" data-widget_type=\"image.default\">\n\t\t\t\t<div class=\"elementor-widget-container\">\n\t\t\t\t\t\t\t\t\t\t\t\t\t\t\t<img fetchpriority=\"high\" decoding=\"async\" width=\"1003\" height=\"1024\" src=\"https:\/\/www.fytocina.com\/wp-content\/uploads\/2023\/11\/FSL_Leaf-Green-1003x1024.png\" class=\"attachment-large size-large wp-image-3267\" alt=\"\" srcset=\"https:\/\/www.fytocina.com\/wp-content\/uploads\/2023\/11\/FSL_Leaf-Green-1003x1024.png 1003w, https:\/\/www.fytocina.com\/wp-content\/uploads\/2023\/11\/FSL_Leaf-Green-294x300.png 294w, https:\/\/www.fytocina.com\/wp-content\/uploads\/2023\/11\/FSL_Leaf-Green-768x784.png 768w, https:\/\/www.fytocina.com\/wp-content\/uploads\/2023\/11\/FSL_Leaf-Green-1505x1536.png 1505w, https:\/\/www.fytocina.com\/wp-content\/uploads\/2023\/11\/FSL_Leaf-Green-2006x2048.png 2006w, https:\/\/www.fytocina.com\/wp-content\/uploads\/2023\/11\/FSL_Leaf-Green-1320x1347.png 1320w, https:\/\/www.fytocina.com\/wp-content\/uploads\/2023\/11\/FSL_Leaf-Green-600x612.png 600w\" sizes=\"(max-width: 1003px) 100vw, 1003px\" \/>\t\t\t\t\t\t\t\t\t\t\t\t\t\t\t<\/div>\n\t\t\t\t<\/div>\n\t\t\t\t<div class=\"elementor-element elementor-element-2f0e89b0 elementor-widget elementor-widget-text-editor\" data-id=\"2f0e89b0\" data-element_type=\"widget\" data-e-type=\"widget\" data-widget_type=\"text-editor.default\">\n\t\t\t\t<div class=\"elementor-widget-container\">\n\t\t\t\t\t\t\t\t\t\n<p>Unsere Website-Adresse lautet: <a href=\"https:\/\/www.fytocina.com\/de\/\">https:\/\/www.fytocina.com<\/a><br><br>Bei Fytocina.com ist eine unserer wichtigsten Priorit\u00e4ten der Schutz der Privatsph\u00e4re unserer Besucher. Diese Datenschutzrichtlinie enth\u00e4lt die Arten von Informationen, die Fytocina.com sammelt und aufzeichnet und wie wir sie verwenden.<br><br>Wenn Sie weitere Fragen haben oder weitere Informationen zu unserer Datenschutzrichtlinie ben\u00f6tigen, k\u00f6nnen Sie uns gerne per E-Mail unter happy@fytocina.com<\/p>\n<h4> <\/h4>\n<h4><strong>Allgemeine Datenschutzverordnung (GDPR)<\/strong><\/h4>\n<p> <\/p>\n<p>Wir sind f\u00fcr die Datenverarbeitung Ihrer Informationen verantwortlich.<br><br>Die Rechtsgrundlage von Fytocina SL f\u00fcr die Erfassung und Verwendung der in dieser Datenschutzrichtlinie beschriebenen personenbezogenen Daten h\u00e4ngt von den von uns erfassten personenbezogenen Daten und dem spezifischen Kontext ab, in dem wir die Daten erfassen:<br><br>Fytocina SL muss einen Vertrag mit Ihnen abschlie\u00dfen.<br><br>Sie hat Fytocina SL die Erlaubnis erteilt, dies zu tun.<br><br>Die Verarbeitung Ihrer personenbezogenen Daten erfolgt im berechtigten Interesse von Fytocina SL.<br><br>Fytocina SL muss das Gesetz einhalten.<br><br>Fytocina SL wird Ihre pers\u00f6nlichen Daten nur so lange aufbewahren, wie es f\u00fcr die in dieser Datenschutzrichtlinie genannten Zwecke erforderlich ist. Wir werden Ihre Daten aufbewahren und verwenden, soweit dies erforderlich ist, um unseren rechtlichen Verpflichtungen nachzukommen, Streitigkeiten beizulegen und unsere Richtlinien durchzusetzen.<br><br>Wenn Sie im Europ\u00e4ischen Wirtschaftsraum (EWR) ans\u00e4ssig sind, haben Sie bestimmte Datenschutzrechte. Wenn Sie wissen m\u00f6chten, welche personenbezogenen Daten wir \u00fcber Sie gespeichert haben, und wenn Sie m\u00f6chten, dass diese aus unseren Systemen entfernt werden, wenden Sie sich bitte an uns.<\/p>\n<p>Unter bestimmten Umst\u00e4nden haben Sie die folgenden Datenschutzrechte:<br><br>Das Recht, auf die \u00fcber Sie gespeicherten Informationen zuzugreifen, sie zu aktualisieren oder zu l\u00f6schen.<br><br>Das Recht auf Berichtigung.<br><br>Das Recht auf Widerspruch.<br><br>Das Recht auf Einschr\u00e4nkung.<br><br>Das Recht auf Daten\u00fcbertragbarkeit<br><br>Das Recht auf Widerruf der Zustimmung<br><br>Log-Dateien<br><br>Fytocina.com verfolgt ein Standardverfahren f\u00fcr die Verwendung von Protokolldateien. Diese Dateien zeichnen Besucher auf, wenn sie Websites besuchen. Alle Hosting-Unternehmen tun dies und es ist Teil der Analyse der Hosting-Dienste. Zu den in den Protokolldateien erfassten Informationen geh\u00f6ren Internetprotokolladressen (IP-Adressen), Browsertyp, Internetdienstanbieter (ISP), Datums- und Zeitstempel, verweisende\/verlassende Seiten und m\u00f6glicherweise die Anzahl der Klicks. Diese sind nicht mit personenbezogenen Daten verkn\u00fcpft. Der Zweck dieser Informationen besteht darin, Trends zu analysieren, die Website zu verwalten, die Bewegungen der Nutzer auf der Website zu verfolgen und demografische Informationen zu sammeln.<\/p>\n<p> <\/p>\n<h4><strong>Cookies und Webbeacons<\/strong><\/h4>\n<p>Wie jede andere Website auch, verwendet Fytocina.com Cookies. Diese Cookies werden verwendet, um Informationen zu speichern, einschlie\u00dflich der Pr\u00e4ferenzen der Besucher und der Seiten der Website, die der Besucher aufgerufen oder besucht hat. Die Informationen werden verwendet, um die Nutzererfahrung zu optimieren, indem der Inhalt unserer Website auf der Grundlage des Browsertyps der Besucher und\/oder anderer Informationen angepasst wird.  <\/p>\n<p> <\/p>\n<h4><strong>DoubleClick-DART-Cookie<\/strong><\/h4>\n<p>Google ist einer der Drittanbieter auf unserer Website. Es verwendet auch Cookies, so genannte DART-Cookies, um Anzeigen f\u00fcr unsere Website-Besucher auf der Grundlage ihres Besuchs auf www.https: \/\/fytocina.com und anderen Websites im Internet zu schalten. Besucher k\u00f6nnen jedoch die Verwendung von Cookies durch DART deaktivieren, indem sie die Datenschutzbestimmungen des Google-Anzeigen- und Content-Netzwerks unter der folgenden URL aufrufen: <a href=\"https:\/\/policies.google.com\/technologies\/ads\" rel=\"nofollow noopener\" target=\"_blank\">https:\/\/policies.google.com\/technologies\/ads.<\/a><br><br>Einige der Werbetreibenden auf unserer Website k\u00f6nnen Cookies und Web Beacons verwenden. Unsere Werbepartner sind unten aufgef\u00fchrt. Jeder unserer Werbepartner hat seine eigene Datenschutzrichtlinie f\u00fcr seine Nutzerdatenpolitik. Zur Erleichterung des Zugriffs haben wir unten einen Hyperlink zu den Datenschutzrichtlinien der jeweiligen Unternehmen eingef\u00fcgt.<br><br>Google <a href=\"https:\/\/policies.google.com\/technologies\/ads\" rel=\"nofollow noopener\" target=\"_blank\">https:\/\/policies.google.com\/technologies\/ads<\/a><\/p>\n<h4> <\/h4>\n<h4><strong>Datenschutzbestimmungen<\/strong><\/h4>\n<p>Sie k\u00f6nnen diese Liste konsultieren, um die Datenschutzrichtlinien der einzelnen Werbepartner von Fytocina.com zu finden.<br><br>Werbeserver oder Werbenetzwerke von Drittanbietern verwenden Technologien wie Cookies, JavaScript oder Web Beacons, die in ihren jeweiligen Anzeigen und Links auf Fytocina.com verwendet werden, die direkt an die Browser der Nutzer gesendet werden. In diesem Fall erhalten sie automatisch ihre IP-Adresse. Diese Technologien werden eingesetzt, um die Wirksamkeit Ihrer Werbekampagnen zu messen und\/oder die Werbeinhalte auf den von Ihnen besuchten Websites zu personalisieren.<br><br>Bitte beachten Sie, dass Fytocina.com keinen Zugang zu oder Kontrolle \u00fcber diese Cookies hat, die von Drittanbietern verwendet werden.<\/p>\n<h4> <\/h4>\n<h4><strong>Datenschutzbestimmungen f\u00fcr Dritte<\/strong><\/h4>\n<p>Die Datenschutzrichtlinie von Fytocina.com gilt nicht f\u00fcr andere Werbetreibende oder Websites. Wir empfehlen Ihnen daher, die jeweiligen Datenschutzrichtlinien dieser Werbeserver von Drittanbietern zu konsultieren, um weitere Informationen zu erhalten. Sie kann Ihre Praktiken und Anweisungen enthalten, wie Sie bestimmte Optionen ablehnen k\u00f6nnen. Eine vollst\u00e4ndige Liste dieser Datenschutzrichtlinien und deren Links finden Sie hier: Links zur Datenschutzrichtlinie.<br><br>Sie k\u00f6nnen Cookies in den Einstellungen Ihres Browsers deaktivieren. Ausf\u00fchrlichere Informationen \u00fcber die Verwaltung von Cookies mit bestimmten Webbrowsern finden Sie auf den jeweiligen Websites der Browser. Was sind Cookies?<\/p>\n<h4> <\/h4>\n<h4><strong>Informationen f\u00fcr Kinder<\/strong><\/h4>\n<p>Eine weitere Priorit\u00e4t ist der Schutz von Kindern bei der Nutzung des Internets. Wir ermutigen Eltern und Erziehungsberechtigte, die Online-Aktivit\u00e4ten der Kinder zu beobachten, daran teilzunehmen und\/oder sie zu \u00fcberwachen und zu leiten.<br><br>Fytocina.com sammelt wissentlich keine pers\u00f6nlich identifizierbaren Informationen von Kindern unter 14 Jahren. Wenn Sie der Meinung sind, dass Ihr Kind diese Art von Informationen auf unserer Website zur Verf\u00fcgung gestellt hat, empfehlen wir Ihnen dringend, uns sofort zu kontaktieren, und wir werden uns nach besten Kr\u00e4ften bem\u00fchen, solche Informationen umgehend aus unseren Unterlagen zu entfernen.<\/p>\n<h4> <\/h4>\n<h4><strong>Online-Datenschutzerkl\u00e4rung<\/strong><\/h4>\n<p>Diese Datenschutzrichtlinie bezieht sich nur auf unsere Online-Aktivit\u00e4ten und gilt f\u00fcr Besucher unserer Website in Bezug auf Informationen, die sie auf Fytocina.com mitgeteilt und\/oder gesammelt haben. Diese Richtlinie gilt nicht f\u00fcr Informationen, die offline oder \u00fcber andere Kan\u00e4le als diese Website gesammelt werden.<\/p>\n<h4><strong>Zustimmung<\/strong><\/h4>\n<p>Durch die Nutzung unserer Website akzeptieren Sie unsere Datenschutzrichtlinie und erkl\u00e4ren sich mit ihren Bedingungen und Konditionen einverstanden.<\/p>\n<p> <\/p>\n\t\t\t\t\t\t\t\t<\/div>\n\t\t\t\t<\/div>\n\t\t\t\t\t<\/div>\n\t\t\t\t<\/div>\n\t\t<div class=\"elementor-element elementor-element-a48f244 e-flex e-con-boxed wpr-equal-height-no e-con e-parent\" data-id=\"a48f244\" data-element_type=\"container\" data-e-type=\"container\">\n\t\t\t\t\t<div class=\"e-con-inner\">\n\t\t\t\t\t<\/div>\n\t\t\t\t<\/div>\n\t\t\t\t<\/div>\n\t\t","protected":false},"excerpt":{"rendered":"<p>Unsere Website-Adresse lautet: https:\/\/www.fytocina.com Bei Fytocina.com ist eine unserer wichtigsten Priorit\u00e4ten der Schutz der Privatsph\u00e4re unserer Besucher. Diese Datenschutzrichtlinie enth\u00e4lt die Arten von Informationen, die Fytocina.com sammelt und aufzeichnet und wie wir sie verwenden. Wenn Sie weitere Fragen haben oder weitere Informationen zu unserer Datenschutzrichtlinie ben\u00f6tigen, k\u00f6nnen Sie uns gerne per E-Mail unter happy@fytocina.com Allgemeine Datenschutzverordnung (GDPR) Wir sind f\u00fcr die Datenverarbeitung Ihrer Informationen verantwortlich. Die Rechtsgrundlage von Fytocina SL f\u00fcr die Erfassung und Verwendung der in dieser Datenschutzrichtlinie beschriebenen personenbezogenen Daten h\u00e4ngt von den von uns erfassten personenbezogenen Daten und dem spezifischen Kontext ab, in dem wir die Daten erfassen: Fytocina SL muss einen Vertrag mit Ihnen abschlie\u00dfen. Sie hat Fytocina SL die Erlaubnis erteilt, dies zu tun. Die Verarbeitung Ihrer personenbezogenen Daten erfolgt im berechtigten Interesse von Fytocina SL. Fytocina SL muss das Gesetz einhalten. Fytocina SL wird Ihre pers\u00f6nlichen Daten nur so lange aufbewahren, wie es f\u00fcr die in dieser Datenschutzrichtlinie genannten Zwecke erforderlich ist. Wir werden Ihre Daten aufbewahren und verwenden, soweit dies erforderlich ist, um unseren rechtlichen Verpflichtungen nachzukommen, Streitigkeiten beizulegen und unsere Richtlinien durchzusetzen. Wenn Sie im Europ\u00e4ischen Wirtschaftsraum (EWR) ans\u00e4ssig sind, haben Sie bestimmte Datenschutzrechte. Wenn Sie wissen m\u00f6chten, welche personenbezogenen Daten wir \u00fcber Sie gespeichert haben, und wenn Sie m\u00f6chten, dass diese aus unseren Systemen entfernt werden, wenden Sie sich bitte an uns. Unter bestimmten Umst\u00e4nden haben Sie die folgenden Datenschutzrechte: Das Recht, auf die \u00fcber Sie gespeicherten Informationen zuzugreifen, sie zu aktualisieren oder zu l\u00f6schen. Das Recht auf Berichtigung. Das Recht auf Widerspruch. Das Recht auf Einschr\u00e4nkung. Das Recht auf Daten\u00fcbertragbarkeit Das Recht auf Widerruf der Zustimmung Log-Dateien Fytocina.com verfolgt ein Standardverfahren f\u00fcr die Verwendung von Protokolldateien. Diese Dateien zeichnen Besucher auf, wenn sie Websites besuchen. Alle Hosting-Unternehmen tun dies und es ist Teil der Analyse der Hosting-Dienste. Zu den in den Protokolldateien erfassten Informationen geh\u00f6ren Internetprotokolladressen (IP-Adressen), Browsertyp, Internetdienstanbieter (ISP), Datums- und Zeitstempel, verweisende\/verlassende Seiten und m\u00f6glicherweise die Anzahl der Klicks. Diese sind nicht mit personenbezogenen Daten verkn\u00fcpft. Der Zweck dieser Informationen besteht darin, Trends zu analysieren, die Website zu verwalten, die Bewegungen der Nutzer auf der Website zu verfolgen und demografische Informationen zu sammeln. Cookies und Webbeacons Wie jede andere Website auch, verwendet Fytocina.com Cookies. Diese Cookies werden verwendet, um Informationen zu speichern, einschlie\u00dflich der Pr\u00e4ferenzen der Besucher und der Seiten der Website, die der Besucher aufgerufen oder besucht hat. Die Informationen werden verwendet, um die Nutzererfahrung zu optimieren, indem der Inhalt unserer Website auf der Grundlage des Browsertyps der Besucher und\/oder anderer Informationen angepasst wird. DoubleClick-DART-Cookie Google ist einer der Drittanbieter auf unserer Website. Es verwendet auch Cookies, so genannte DART-Cookies, um Anzeigen f\u00fcr unsere Website-Besucher auf der Grundlage ihres Besuchs auf www.https: \/\/fytocina.com und anderen Websites im Internet zu schalten. Besucher k\u00f6nnen jedoch die Verwendung von Cookies durch DART deaktivieren, indem sie die Datenschutzbestimmungen des Google-Anzeigen- und Content-Netzwerks unter der folgenden URL aufrufen: https:\/\/policies.google.com\/technologies\/ads. Einige der Werbetreibenden auf unserer Website k\u00f6nnen Cookies und Web Beacons verwenden. Unsere Werbepartner sind unten aufgef\u00fchrt. Jeder unserer Werbepartner hat seine eigene Datenschutzrichtlinie f\u00fcr seine Nutzerdatenpolitik. Zur Erleichterung des Zugriffs haben wir unten einen Hyperlink zu den Datenschutzrichtlinien der jeweiligen Unternehmen eingef\u00fcgt. Google https:\/\/policies.google.com\/technologies\/ads Datenschutzbestimmungen Sie k\u00f6nnen diese Liste konsultieren, um die Datenschutzrichtlinien der einzelnen Werbepartner von Fytocina.com zu finden. Werbeserver oder Werbenetzwerke von Drittanbietern verwenden Technologien wie Cookies, JavaScript oder Web Beacons, die in ihren jeweiligen Anzeigen und Links auf Fytocina.com verwendet werden, die direkt an die Browser der Nutzer gesendet werden. In diesem Fall erhalten sie automatisch ihre IP-Adresse. Diese Technologien werden eingesetzt, um die Wirksamkeit Ihrer Werbekampagnen zu messen und\/oder die Werbeinhalte auf den von Ihnen besuchten Websites zu personalisieren. Bitte beachten Sie, dass Fytocina.com keinen Zugang zu oder Kontrolle \u00fcber diese Cookies hat, die von Drittanbietern verwendet werden. Datenschutzbestimmungen f\u00fcr Dritte Die Datenschutzrichtlinie von Fytocina.com gilt nicht f\u00fcr andere Werbetreibende oder Websites. Wir empfehlen Ihnen daher, die jeweiligen Datenschutzrichtlinien dieser Werbeserver von Drittanbietern zu konsultieren, um weitere Informationen zu erhalten. Sie kann Ihre Praktiken und Anweisungen enthalten, wie Sie bestimmte Optionen ablehnen k\u00f6nnen. Eine vollst\u00e4ndige Liste dieser Datenschutzrichtlinien und deren Links finden Sie hier: Links zur Datenschutzrichtlinie. Sie k\u00f6nnen Cookies in den Einstellungen Ihres Browsers deaktivieren. Ausf\u00fchrlichere Informationen \u00fcber die Verwaltung von Cookies mit bestimmten Webbrowsern finden Sie auf den jeweiligen Websites der Browser. Was sind Cookies? Informationen f\u00fcr Kinder Eine weitere Priorit\u00e4t ist der Schutz von Kindern bei der Nutzung des Internets. Wir ermutigen Eltern und Erziehungsberechtigte, die Online-Aktivit\u00e4ten der Kinder zu beobachten, daran teilzunehmen und\/oder sie zu \u00fcberwachen und zu leiten. Fytocina.com sammelt wissentlich keine pers\u00f6nlich identifizierbaren Informationen von Kindern unter 14 Jahren. Wenn Sie der Meinung sind, dass Ihr Kind diese Art von Informationen auf unserer Website zur Verf\u00fcgung gestellt hat, empfehlen wir Ihnen dringend, uns sofort zu kontaktieren, und wir werden uns nach besten Kr\u00e4ften bem\u00fchen, solche Informationen umgehend aus unseren Unterlagen zu entfernen. Online-Datenschutzerkl\u00e4rung Diese Datenschutzrichtlinie bezieht sich nur auf unsere Online-Aktivit\u00e4ten und gilt f\u00fcr Besucher unserer Website in Bezug auf Informationen, die sie auf Fytocina.com mitgeteilt und\/oder gesammelt haben. Diese Richtlinie gilt nicht f\u00fcr Informationen, die offline oder \u00fcber andere Kan\u00e4le als diese Website gesammelt werden. Zustimmung Durch die Nutzung unserer Website akzeptieren Sie unsere Datenschutzrichtlinie und erkl\u00e4ren sich mit ihren Bedingungen und Konditionen einverstanden.<\/p>\n","protected":false},"author":9,"featured_media":0,"parent":0,"menu_order":0,"comment_status":"closed","ping_status":"closed","template":"elementor_header_footer","meta":{"site-sidebar-layout":"default","site-content-layout":"","ast-site-content-layout":"default","site-content-style":"default","site-sidebar-style":"default","ast-global-header-display":"","ast-banner-title-visibility":"","ast-main-header-display":"","ast-hfb-above-header-display":"","ast-hfb-below-header-display":"","ast-hfb-mobile-header-display":"","site-post-title":"","ast-breadcrumbs-content":"","ast-featured-img":"","footer-sml-layout":"","ast-disable-related-posts":"","theme-transparent-header-meta":"default","adv-header-id-meta":"","stick-header-meta":"","header-above-stick-meta":"","header-main-stick-meta":"","header-below-stick-meta":"","astra-migrate-meta-layouts":"default","ast-page-background-enabled":"default","ast-page-background-meta":{"desktop":{"background-color":"var(--ast-global-color-4)","background-image":"","background-repeat":"repeat","background-position":"center center","background-size":"auto","background-attachment":"scroll","background-type":"","background-media":"","overlay-type":"","overlay-color":"","overlay-opacity":"","overlay-gradient":""},"tablet":{"background-color":"","background-image":"","background-repeat":"repeat","background-position":"center center","background-size":"auto","background-attachment":"scroll","background-type":"","background-media":"","overlay-type":"","overlay-color":"","overlay-opacity":"","overlay-gradient":""},"mobile":{"background-color":"","background-image":"","background-repeat":"repeat","background-position":"center center","background-size":"auto","background-attachment":"scroll","background-type":"","background-media":"","overlay-type":"","overlay-color":"","overlay-opacity":"","overlay-gradient":""}},"ast-content-background-meta":{"desktop":{"background-color":"var(--ast-global-color-5)","background-image":"","background-repeat":"repeat","background-position":"center center","background-size":"auto","background-attachment":"scroll","background-type":"","background-media":"","overlay-type":"","overlay-color":"","overlay-opacity":"","overlay-gradient":""},"tablet":{"background-color":"var(--ast-global-color-5)","background-image":"","background-repeat":"repeat","background-position":"center center","background-size":"auto","background-attachment":"scroll","background-type":"","background-media":"","overlay-type":"","overlay-color":"","overlay-opacity":"","overlay-gradient":""},"mobile":{"background-color":"var(--ast-global-color-5)","background-image":"","background-repeat":"repeat","background-position":"center center","background-size":"auto","background-attachment":"scroll","background-type":"","background-media":"","overlay-type":"","overlay-color":"","overlay-opacity":"","overlay-gradient":""}},"footnotes":""},"class_list":["post-3293","page","type-page","status-publish","hentry"],"_links":{"self":[{"href":"https:\/\/www.fytocina.com\/de\/wp-json\/wp\/v2\/pages\/3293","targetHints":{"allow":["GET"]}}],"collection":[{"href":"https:\/\/www.fytocina.com\/de\/wp-json\/wp\/v2\/pages"}],"about":[{"href":"https:\/\/www.fytocina.com\/de\/wp-json\/wp\/v2\/types\/page"}],"author":[{"embeddable":true,"href":"https:\/\/www.fytocina.com\/de\/wp-json\/wp\/v2\/users\/9"}],"replies":[{"embeddable":true,"href":"https:\/\/www.fytocina.com\/de\/wp-json\/wp\/v2\/comments?post=3293"}],"version-history":[{"count":8,"href":"https:\/\/www.fytocina.com\/de\/wp-json\/wp\/v2\/pages\/3293\/revisions"}],"predecessor-version":[{"id":4884,"href":"https:\/\/www.fytocina.com\/de\/wp-json\/wp\/v2\/pages\/3293\/revisions\/4884"}],"wp:attachment":[{"href":"https:\/\/www.fytocina.com\/de\/wp-json\/wp\/v2\/media?parent=3293"}],"curies":[{"name":"wp","href":"https:\/\/api.w.org\/{rel}","templated":true}]}}