{"id":3303,"date":"2023-10-26T15:31:03","date_gmt":"2023-10-26T13:31:03","guid":{"rendered":"https:\/\/www.fytocina.com\/bedingungen-und-konditionen\/"},"modified":"2024-03-21T16:28:16","modified_gmt":"2024-03-21T15:28:16","slug":"allgemeine-geschaeftsbedingungen","status":"publish","type":"page","link":"https:\/\/www.fytocina.com\/de\/allgemeine-geschaeftsbedingungen\/","title":{"rendered":"Bedingungen und Konditionen"},"content":{"rendered":"\t\t<div data-elementor-type=\"wp-page\" data-elementor-id=\"3303\" class=\"elementor elementor-3303 elementor-2011\" data-elementor-post-type=\"page\">\n\t\t\t\t<div class=\"elementor-element elementor-element-ad0617d e-flex e-con-boxed e-con e-parent\" data-id=\"ad0617d\" data-element_type=\"container\" data-e-type=\"container\">\n\t\t\t\t\t<div class=\"e-con-inner\">\n\t\t\t\t<div class=\"elementor-element elementor-element-09b7cba elementor-widget elementor-widget-image\" data-id=\"09b7cba\" data-element_type=\"widget\" data-e-type=\"widget\" data-widget_type=\"image.default\">\n\t\t\t\t<div class=\"elementor-widget-container\">\n\t\t\t\t\t\t\t\t\t\t\t\t\t\t\t<img fetchpriority=\"high\" decoding=\"async\" width=\"1003\" height=\"1024\" src=\"https:\/\/www.fytocina.com\/wp-content\/uploads\/2023\/11\/FSL_Leaf-Green-1003x1024.png\" class=\"attachment-large size-large wp-image-3267\" alt=\"\" srcset=\"https:\/\/www.fytocina.com\/wp-content\/uploads\/2023\/11\/FSL_Leaf-Green-1003x1024.png 1003w, https:\/\/www.fytocina.com\/wp-content\/uploads\/2023\/11\/FSL_Leaf-Green-294x300.png 294w, https:\/\/www.fytocina.com\/wp-content\/uploads\/2023\/11\/FSL_Leaf-Green-768x784.png 768w, https:\/\/www.fytocina.com\/wp-content\/uploads\/2023\/11\/FSL_Leaf-Green-1505x1536.png 1505w, https:\/\/www.fytocina.com\/wp-content\/uploads\/2023\/11\/FSL_Leaf-Green-2006x2048.png 2006w, https:\/\/www.fytocina.com\/wp-content\/uploads\/2023\/11\/FSL_Leaf-Green-1320x1347.png 1320w, https:\/\/www.fytocina.com\/wp-content\/uploads\/2023\/11\/FSL_Leaf-Green-600x612.png 600w\" sizes=\"(max-width: 1003px) 100vw, 1003px\" \/>\t\t\t\t\t\t\t\t\t\t\t\t\t\t\t<\/div>\n\t\t\t\t<\/div>\n\t\t\t\t\t<\/div>\n\t\t\t\t<\/div>\n\t\t<div class=\"elementor-element elementor-element-7ac38956 e-flex e-con-boxed e-con e-parent\" data-id=\"7ac38956\" data-element_type=\"container\" data-e-type=\"container\">\n\t\t\t\t\t<div class=\"e-con-inner\">\n\t\t\t\t<div class=\"elementor-element elementor-element-681e56ca elementor-widget elementor-widget-text-editor\" data-id=\"681e56ca\" data-element_type=\"widget\" data-e-type=\"widget\" data-widget_type=\"text-editor.default\">\n\t\t\t\t<div class=\"elementor-widget-container\">\n\t\t\t\t\t\t\t\t\t\n<h3 class=\"wp-block-heading\">Willkommen bei Fytocina.com!<\/h3>\n<p> <\/p>\n\n<p>Diese Bedingungen beschreiben die Regeln und Vorschriften f\u00fcr die Nutzung der Website von Fytocina SL unter der Adresse https:\/\/www.fytocina.com.<br><br>Mit dem Zugriff auf diese Website gehen wir davon aus, dass Sie diese Bestimmungen und Bedingungen akzeptieren. Fahren Sie nicht mit der Nutzung von Fytocina.com fort, wenn Sie nicht mit allen auf dieser Seite genannten Bedingungen und Konditionen einverstanden sind.<br><br>Die folgende Terminologie gilt f\u00fcr diese Allgemeinen Gesch\u00e4ftsbedingungen, die Datenschutzerkl\u00e4rung und den Haftungsausschluss sowie alle Vereinbarungen: &#8222;Kunde&#8220;, &#8222;Sie&#8220; und &#8222;Ihr&#8220; beziehen sich auf Sie, die Person, die sich auf dieser Website anmeldet und die Bedingungen des Unternehmens einh\u00e4lt. Das Unternehmen&#8220;, &#8222;wir&#8220;, &#8222;uns&#8220;, &#8222;wir&#8220;, &#8222;unser&#8220; und &#8222;uns&#8220; bezieht sich auf unser Unternehmen. &#8222;Partei&#8220;, &#8222;Parteien&#8220; oder &#8222;wir&#8220; bezieht sich sowohl auf den Kunden als auch auf uns. Alle Bedingungen beziehen sich auf das Angebot, die Annahme und die Gegenleistung, die erforderlich sind, um den Prozess unserer Unterst\u00fctzung f\u00fcr den Kunden auf die geeignetste Art und Weise durchzuf\u00fchren, mit dem ausdr\u00fccklichen Ziel, die Bed\u00fcrfnisse des Kunden in Bezug auf die Erbringung der von der Gesellschaft angegebenen Dienstleistungen zu befriedigen, in \u00dcbereinstimmung mit und vorbehaltlich der geltenden Gesetze in Spanien und Katalonien, sofern anwendbar. Jede Verwendung der oben genannten Begriffe oder anderer W\u00f6rter in der Einzahl, Mehrzahl, in Gro\u00dfbuchstaben und\/oder er\/sie\/es oder sie werden als austauschbar betrachtet und beziehen sich daher auf dasselbe.<\/p>\n<p> <\/p>\n\n<h3 class=\"wp-block-heading\">Cookies<\/h3>\n\n<p> <\/p>\n<p>Wir verwenden Cookies. Wenn Sie auf Fytocina.com zugreifen, stimmen Sie der Verwendung von Cookies in \u00dcbereinstimmung mit der Datenschutzrichtlinie von Fytocina SL zu.<br><br>Die meisten interaktiven Websites verwenden Cookies, damit wir bei jedem Besuch die Daten der Nutzer abrufen k\u00f6nnen. Unsere Website verwendet Cookies, um in bestimmten Bereichen Funktionen zu erm\u00f6glichen, die den Besuch unserer Website erleichtern. Einige unserer Werbepartner k\u00f6nnen ebenfalls Cookies verwenden.<\/p>\n<p> <\/p>\n\n<h3 class=\"wp-block-heading\">Lizenz<\/h3>\n<p> <\/p>\n\n<p>Sofern nicht anders angegeben, besitzen Fytocina SL und\/oder ihre Lizenzgeber die geistigen Eigentumsrechte f\u00fcr das gesamte Material auf Fytocina.com. Alle Rechte am geistigen Eigentum sind vorbehalten. Sie k\u00f6nnen auf diese Website von Fytocina.com f\u00fcr Ihren pers\u00f6nlichen Gebrauch zugreifen, vorbehaltlich der in diesen Bedingungen und Konditionen dargelegten Einschr\u00e4nkungen.<br><br>Das d\u00fcrfen Sie nicht:<br><br>Wiederver\u00f6ffentlichung von Material von Fytocina.com<br><br>Verkauf, Vermietung oder Unterlizenzierung von Fytocina.com-Material<br><br>Reproduzieren, Vervielf\u00e4ltigen oder Kopieren von Material von Fytocina.com<br><br>Inhalte von Fytocina.com weiterverteilen<br><br>Dieses Abkommen tritt mit dem Datum dieses Vertrages in Kraft.<br><br>Einige Teile dieser Website bieten Nutzern die M\u00f6glichkeit, Meinungen und Informationen zu bestimmten Bereichen der Website zu ver\u00f6ffentlichen und auszutauschen. Fytocina SL pr\u00fcft, bearbeitet, ver\u00f6ffentlicht oder kontrolliert die Kommentare nicht, bevor sie auf der Website ver\u00f6ffentlicht werden. Die Kommentare spiegeln nicht die Ansichten und Meinungen von Fytocina SL, seinen Vertretern und\/oder verbundenen Unternehmen wider. Kommentare spiegeln die Ansichten und Meinungen der Person wider, die ihre Ansichten und Meinungen ver\u00f6ffentlicht. Soweit nach geltendem Recht zul\u00e4ssig, haftet Fytocina SL weder f\u00fcr die Kommentare noch f\u00fcr jegliche Haftung, Sch\u00e4den oder Kosten, die durch die Nutzung und\/oder Ver\u00f6ffentlichung und\/oder das Erscheinen der Kommentare auf dieser Website verursacht und\/oder erlitten werden.<br><br>Fytocina SL beh\u00e4lt sich das Recht vor, alle Kommentare zu \u00fcberwachen und alle Kommentare zu entfernen, die als unangemessen, beleidigend oder als Versto\u00df gegen die vorliegenden Nutzungsbedingungen angesehen werden k\u00f6nnen.<br><br>Sie garantieren und sichern zu, dass:<br><br>Sie haben das Recht, die Kommentare auf unserer Website zu ver\u00f6ffentlichen, und verf\u00fcgen \u00fcber alle erforderlichen Lizenzen und Genehmigungen, um dies zu tun;<br><br>Die Kommentare verletzen keine Rechte an geistigem Eigentum, einschlie\u00dflich, aber nicht beschr\u00e4nkt auf Urheberrechte, Patente oder Marken Dritter;<br><br>Die Kommentare enthalten kein diffamierendes, verleumderisches, beleidigendes, unanst\u00e4ndiges oder rechtswidriges Material, das eine Verletzung der Privatsph\u00e4re darstellt.<br><br>Kommentare d\u00fcrfen nicht verwendet werden, um f\u00fcr pers\u00f6nliche oder gegenw\u00e4rtige gesch\u00e4ftliche oder kommerzielle Aktivit\u00e4ten oder illegale Aktivit\u00e4ten zu werben oder diese zu f\u00f6rdern.<br><br>Sie gew\u00e4hren Fytocina SL hiermit eine nicht-exklusive Lizenz zur Nutzung, Vervielf\u00e4ltigung und Bearbeitung Ihrer Kommentare und erm\u00e4chtigen andere zur Nutzung, Vervielf\u00e4ltigung und Bearbeitung Ihrer Kommentare in allen Formen, Formaten und Medien.<\/p>\n\n<p>Hyperlinks zu unseren Inhalten<br><br>Die folgenden Organisationen d\u00fcrfen ohne vorherige schriftliche Genehmigung auf unsere Website verlinken:<br><br>Staatliche Stellen;<br><br>Suchmaschinen;<br><br>Nachrichtenorganisationen;<br><br>Verteiler von Online-Verzeichnissen k\u00f6nnen auf unsere Website verlinken, so wie sie auf die Websites anderer b\u00f6rsennotierter Unternehmen verlinken; und<br><br>Systemweit zugelassene Unternehmen, mit Ausnahme von gemeinn\u00fctzigen Organisationen, karitativen Einkaufszentren und karitativen Fundraising-Gruppen, die keinen Hyperlink zu unserer Website herstellen k\u00f6nnen.<br><br>Diese Organisationen k\u00f6nnen auf unsere Homepage, Ver\u00f6ffentlichungen oder andere Informationen auf der Website verlinken, sofern der Link angegeben wird: (a) in keiner Weise irref\u00fchrend ist; (b) nicht f\u00e4lschlicherweise den Eindruck erweckt, dass die verbindliche Partei und ihre Produkte und\/oder Dienstleistungen gesponsert, gebilligt oder genehmigt werden; und (c) in den Kontext der Website der verbindlichen Partei passt.<br><br>Wir k\u00f6nnen weitere Verbindungsanfragen der folgenden Arten von Organisationen pr\u00fcfen und genehmigen:<br><br>allgemein bekannte Quellen f\u00fcr Verbraucher- und\/oder Unternehmensinformationen;<br><br>dot.com-Gemeinschaftsseiten;<br><br>Verb\u00e4nde oder andere Gruppen, die Wohlt\u00e4tigkeitsorganisationen vertreten;<br><br>Verteiler von Online-Verzeichnissen;<br><br>Internetportale;<br><br>Wirtschaftspr\u00fcfungs-, Rechtsanwalts- und Beratungsunternehmen und<br><br>Bildungseinrichtungen und Berufsverb\u00e4nde.<\/p>\n\n<p>Wir werden Verbindungsanfragen von diesen Organisationen genehmigen, wenn wir dies beschlie\u00dfen: (a) die Verbindung uns oder unsere akkreditierten Unternehmen nicht in ein ung\u00fcnstiges Licht r\u00fccken w\u00fcrde; (b) die Organisation hat keinen negativen Eintrag bei uns; (c) der Nutzen der Sichtbarkeit des Hyperlinks f\u00fcr uns \u00fcberwiegt das Fehlen von Fytocina SL; und (d) der Link steht im Zusammenhang mit allgemeinen Ressourceninformationen.<br><br>Diese Organisationen d\u00fcrfen auf unsere Homepage verlinken, solange der Link angegeben wird: (a) in keiner Weise irref\u00fchrend ist; (b) nicht f\u00e4lschlicherweise den Eindruck erweckt, dass die verbindliche Partei und ihre Produkte oder Dienstleistungen gesponsert, gebilligt oder genehmigt werden; und (c) in den Kontext der Website der verbindlichen Partei passt.<br><br>Wenn Sie eine der in Abschnitt 2 aufgef\u00fchrten Organisationen sind und an einer Verlinkung zu unserer Website interessiert sind, m\u00fcssen Sie uns dar\u00fcber informieren, indem Sie eine E-Mail an Fytocina SL senden. Geben Sie Ihren Namen, den Namen Ihrer Organisation, Kontaktinformationen sowie die URL Ihrer Website, eine Liste der URLs, von denen Sie auf unsere Website verlinken m\u00f6chten, und eine Liste der URLs auf unserer Website an, auf die Sie verlinken m\u00f6chten. Bitte warten Sie 2-3 Wochen auf eine Antwort.<br><br>Zugelassene Organisationen k\u00f6nnen Hyperlinks zu unserer Website wie folgt einrichten:<br><br>durch die Verwendung unseres Firmennamens; oder<br><br>durch Verwendung des Uniform Resource Locator, mit dem sie verlinkt ist; oder<br><br>Durch die Verwendung einer anderen Beschreibung unserer Website, zu der Sie verlinkt sind, die im Kontext und im Format des Inhalts auf der Website der verlinkenden Partei sinnvoll ist.<br><br>Die Verwendung des Logos von Fytocina SL oder anderer Grafiken f\u00fcr die Verlinkung ist ohne eine Markenlizenzvereinbarung nicht gestattet.<\/p>\n\n<p>iFrames<\/p>\n\n<p>Wir werden Verbindungsanfragen von diesen Organisationen genehmigen, wenn wir dies beschlie\u00dfen: (a) die Verbindung uns oder unsere akkreditierten Unternehmen nicht in ein ung\u00fcnstiges Licht r\u00fccken w\u00fcrde; (b) die Organisation hat keinen negativen Eintrag bei uns; (c) der Nutzen der Sichtbarkeit des Hyperlinks f\u00fcr uns \u00fcberwiegt das Fehlen von Fytocina SL; und (d) der Link steht im Zusammenhang mit allgemeinen Ressourceninformationen.<br><br>Diese Organisationen d\u00fcrfen auf unsere Homepage verlinken, solange der Link angegeben wird: (a) in keiner Weise irref\u00fchrend ist; (b) nicht f\u00e4lschlicherweise den Eindruck erweckt, dass die verbindliche Partei und ihre Produkte oder Dienstleistungen gesponsert, gebilligt oder genehmigt werden; und (c) in den Kontext der Website der verbindlichen Partei passt.<br><br>Wenn Sie eine der in Abschnitt 2 aufgef\u00fchrten Organisationen sind und an einer Verlinkung zu unserer Website interessiert sind, m\u00fcssen Sie uns dar\u00fcber informieren, indem Sie eine E-Mail an Fytocina SL senden. Geben Sie Ihren Namen, den Namen Ihrer Organisation, Kontaktinformationen sowie die URL Ihrer Website, eine Liste der URLs, von denen Sie auf unsere Website verlinken m\u00f6chten, und eine Liste der URLs auf unserer Website an, auf die Sie verlinken m\u00f6chten. Bitte warten Sie 2-3 Wochen auf eine Antwort.<br><br>Zugelassene Organisationen k\u00f6nnen Hyperlinks zu unserer Website wie folgt einrichten:<br><br>durch die Verwendung unseres Firmennamens; oder<br><br>durch Verwendung des Uniform Resource Locator, mit dem sie verlinkt ist; oder<br><br>Durch die Verwendung einer anderen Beschreibung unserer Website, zu der Sie verlinkt sind, die im Kontext und im Format des Inhalts auf der Website der verlinkenden Partei sinnvoll ist.<br><br>Die Verwendung des Logos von Fytocina SL oder anderer Grafiken f\u00fcr die Verlinkung ist ohne eine Markenlizenzvereinbarung nicht gestattet.<\/p>\n<p> <\/p>\n\n<h3 class=\"wp-block-heading\"><strong>Haftungsausschluss<\/strong><\/h3>\n<p> <\/p>\n\n<p>Soweit dies nach geltendem Recht zul\u00e4ssig ist, schlie\u00dfen wir alle Zusicherungen, Gew\u00e4hrleistungen und Bedingungen in Bezug auf unsere Website und Ihre Nutzung dieser Website aus. Nichts in diesem Haftungsausschluss:<br><br>unsere oder Ihre Haftung f\u00fcr Tod oder K\u00f6rperverletzung zu begrenzen oder auszuschlie\u00dfen;<br><br>unsere oder Ihre Haftung f\u00fcr Betrug oder arglistige T\u00e4uschung zu begrenzen oder auszuschlie\u00dfen;<br><br>unsere oder Ihre Haftung in einer Weise zu beschr\u00e4nken, die nach geltendem Recht nicht zul\u00e4ssig ist; oder<br><br>unsere oder Ihre Haftung auszuschlie\u00dfen, die nach geltendem Recht nicht ausgeschlossen werden kann.<br><br>Die in diesem Abschnitt und an anderen Stellen dieses Haftungsausschlusses aufgef\u00fchrten Haftungsbeschr\u00e4nkungen und -verbote: (a) unter den vorstehenden Absatz fallen und (b) regeln alle sich aus dem Haftungsausschluss ergebenden Verbindlichkeiten, einschlie\u00dflich Verbindlichkeiten aus Vertrag, unerlaubter Handlung und Verletzung gesetzlicher Pflichten. Unter der Voraussetzung, dass die Website sowie die Informationen und Dienstleistungen auf der Website kostenlos zur Verf\u00fcgung gestellt werden, haften wir nicht f\u00fcr Verluste oder Sch\u00e4den jeglicher Art.<\/p>\n\t\t\t\t\t\t\t\t<\/div>\n\t\t\t\t<\/div>\n\t\t\t\t\t<\/div>\n\t\t\t\t<\/div>\n\t\t\t\t<\/div>\n\t\t","protected":false},"excerpt":{"rendered":"<p>Willkommen bei Fytocina.com! Diese Bedingungen beschreiben die Regeln und Vorschriften f\u00fcr die Nutzung der Website von Fytocina SL unter der Adresse https:\/\/www.fytocina.com. Mit dem Zugriff auf diese Website gehen wir davon aus, dass Sie diese Bestimmungen und Bedingungen akzeptieren. Fahren Sie nicht mit der Nutzung von Fytocina.com fort, wenn Sie nicht mit allen auf dieser Seite genannten Bedingungen und Konditionen einverstanden sind. Die folgende Terminologie gilt f\u00fcr diese Allgemeinen Gesch\u00e4ftsbedingungen, die Datenschutzerkl\u00e4rung und den Haftungsausschluss sowie alle Vereinbarungen: &#8222;Kunde&#8220;, &#8222;Sie&#8220; und &#8222;Ihr&#8220; beziehen sich auf Sie, die Person, die sich auf dieser Website anmeldet und die Bedingungen des Unternehmens einh\u00e4lt. Das Unternehmen&#8220;, &#8222;wir&#8220;, &#8222;uns&#8220;, &#8222;wir&#8220;, &#8222;unser&#8220; und &#8222;uns&#8220; bezieht sich auf unser Unternehmen. &#8222;Partei&#8220;, &#8222;Parteien&#8220; oder &#8222;wir&#8220; bezieht sich sowohl auf den Kunden als auch auf uns. Alle Bedingungen beziehen sich auf das Angebot, die Annahme und die Gegenleistung, die erforderlich sind, um den Prozess unserer Unterst\u00fctzung f\u00fcr den Kunden auf die geeignetste Art und Weise durchzuf\u00fchren, mit dem ausdr\u00fccklichen Ziel, die Bed\u00fcrfnisse des Kunden in Bezug auf die Erbringung der von der Gesellschaft angegebenen Dienstleistungen zu befriedigen, in \u00dcbereinstimmung mit und vorbehaltlich der geltenden Gesetze in Spanien und Katalonien, sofern anwendbar. Jede Verwendung der oben genannten Begriffe oder anderer W\u00f6rter in der Einzahl, Mehrzahl, in Gro\u00dfbuchstaben und\/oder er\/sie\/es oder sie werden als austauschbar betrachtet und beziehen sich daher auf dasselbe. Cookies Wir verwenden Cookies. Wenn Sie auf Fytocina.com zugreifen, stimmen Sie der Verwendung von Cookies in \u00dcbereinstimmung mit der Datenschutzrichtlinie von Fytocina SL zu. Die meisten interaktiven Websites verwenden Cookies, damit wir bei jedem Besuch die Daten der Nutzer abrufen k\u00f6nnen. Unsere Website verwendet Cookies, um in bestimmten Bereichen Funktionen zu erm\u00f6glichen, die den Besuch unserer Website erleichtern. Einige unserer Werbepartner k\u00f6nnen ebenfalls Cookies verwenden. Lizenz Sofern nicht anders angegeben, besitzen Fytocina SL und\/oder ihre Lizenzgeber die geistigen Eigentumsrechte f\u00fcr das gesamte Material auf Fytocina.com. Alle Rechte am geistigen Eigentum sind vorbehalten. Sie k\u00f6nnen auf diese Website von Fytocina.com f\u00fcr Ihren pers\u00f6nlichen Gebrauch zugreifen, vorbehaltlich der in diesen Bedingungen und Konditionen dargelegten Einschr\u00e4nkungen. Das d\u00fcrfen Sie nicht: Wiederver\u00f6ffentlichung von Material von Fytocina.com Verkauf, Vermietung oder Unterlizenzierung von Fytocina.com-Material Reproduzieren, Vervielf\u00e4ltigen oder Kopieren von Material von Fytocina.com Inhalte von Fytocina.com weiterverteilen Dieses Abkommen tritt mit dem Datum dieses Vertrages in Kraft. Einige Teile dieser Website bieten Nutzern die M\u00f6glichkeit, Meinungen und Informationen zu bestimmten Bereichen der Website zu ver\u00f6ffentlichen und auszutauschen. Fytocina SL pr\u00fcft, bearbeitet, ver\u00f6ffentlicht oder kontrolliert die Kommentare nicht, bevor sie auf der Website ver\u00f6ffentlicht werden. Die Kommentare spiegeln nicht die Ansichten und Meinungen von Fytocina SL, seinen Vertretern und\/oder verbundenen Unternehmen wider. Kommentare spiegeln die Ansichten und Meinungen der Person wider, die ihre Ansichten und Meinungen ver\u00f6ffentlicht. Soweit nach geltendem Recht zul\u00e4ssig, haftet Fytocina SL weder f\u00fcr die Kommentare noch f\u00fcr jegliche Haftung, Sch\u00e4den oder Kosten, die durch die Nutzung und\/oder Ver\u00f6ffentlichung und\/oder das Erscheinen der Kommentare auf dieser Website verursacht und\/oder erlitten werden. Fytocina SL beh\u00e4lt sich das Recht vor, alle Kommentare zu \u00fcberwachen und alle Kommentare zu entfernen, die als unangemessen, beleidigend oder als Versto\u00df gegen die vorliegenden Nutzungsbedingungen angesehen werden k\u00f6nnen. Sie garantieren und sichern zu, dass: Sie haben das Recht, die Kommentare auf unserer Website zu ver\u00f6ffentlichen, und verf\u00fcgen \u00fcber alle erforderlichen Lizenzen und Genehmigungen, um dies zu tun; Die Kommentare verletzen keine Rechte an geistigem Eigentum, einschlie\u00dflich, aber nicht beschr\u00e4nkt auf Urheberrechte, Patente oder Marken Dritter; Die Kommentare enthalten kein diffamierendes, verleumderisches, beleidigendes, unanst\u00e4ndiges oder rechtswidriges Material, das eine Verletzung der Privatsph\u00e4re darstellt. Kommentare d\u00fcrfen nicht verwendet werden, um f\u00fcr pers\u00f6nliche oder gegenw\u00e4rtige gesch\u00e4ftliche oder kommerzielle Aktivit\u00e4ten oder illegale Aktivit\u00e4ten zu werben oder diese zu f\u00f6rdern. Sie gew\u00e4hren Fytocina SL hiermit eine nicht-exklusive Lizenz zur Nutzung, Vervielf\u00e4ltigung und Bearbeitung Ihrer Kommentare und erm\u00e4chtigen andere zur Nutzung, Vervielf\u00e4ltigung und Bearbeitung Ihrer Kommentare in allen Formen, Formaten und Medien. Hyperlinks zu unseren Inhalten Die folgenden Organisationen d\u00fcrfen ohne vorherige schriftliche Genehmigung auf unsere Website verlinken: Staatliche Stellen; Suchmaschinen; Nachrichtenorganisationen; Verteiler von Online-Verzeichnissen k\u00f6nnen auf unsere Website verlinken, so wie sie auf die Websites anderer b\u00f6rsennotierter Unternehmen verlinken; und Systemweit zugelassene Unternehmen, mit Ausnahme von gemeinn\u00fctzigen Organisationen, karitativen Einkaufszentren und karitativen Fundraising-Gruppen, die keinen Hyperlink zu unserer Website herstellen k\u00f6nnen. Diese Organisationen k\u00f6nnen auf unsere Homepage, Ver\u00f6ffentlichungen oder andere Informationen auf der Website verlinken, sofern der Link angegeben wird: (a) in keiner Weise irref\u00fchrend ist; (b) nicht f\u00e4lschlicherweise den Eindruck erweckt, dass die verbindliche Partei und ihre Produkte und\/oder Dienstleistungen gesponsert, gebilligt oder genehmigt werden; und (c) in den Kontext der Website der verbindlichen Partei passt. Wir k\u00f6nnen weitere Verbindungsanfragen der folgenden Arten von Organisationen pr\u00fcfen und genehmigen: allgemein bekannte Quellen f\u00fcr Verbraucher- und\/oder Unternehmensinformationen; dot.com-Gemeinschaftsseiten; Verb\u00e4nde oder andere Gruppen, die Wohlt\u00e4tigkeitsorganisationen vertreten; Verteiler von Online-Verzeichnissen; Internetportale; Wirtschaftspr\u00fcfungs-, Rechtsanwalts- und Beratungsunternehmen und Bildungseinrichtungen und Berufsverb\u00e4nde. Wir werden Verbindungsanfragen von diesen Organisationen genehmigen, wenn wir dies beschlie\u00dfen: (a) die Verbindung uns oder unsere akkreditierten Unternehmen nicht in ein ung\u00fcnstiges Licht r\u00fccken w\u00fcrde; (b) die Organisation hat keinen negativen Eintrag bei uns; (c) der Nutzen der Sichtbarkeit des Hyperlinks f\u00fcr uns \u00fcberwiegt das Fehlen von Fytocina SL; und (d) der Link steht im Zusammenhang mit allgemeinen Ressourceninformationen. Diese Organisationen d\u00fcrfen auf unsere Homepage verlinken, solange der Link angegeben wird: (a) in keiner Weise irref\u00fchrend ist; (b) nicht f\u00e4lschlicherweise den Eindruck erweckt, dass die verbindliche Partei und ihre Produkte oder Dienstleistungen gesponsert, gebilligt oder genehmigt werden; und (c) in den Kontext der Website der verbindlichen Partei passt. Wenn Sie eine der in Abschnitt 2 aufgef\u00fchrten Organisationen sind und an einer Verlinkung zu unserer Website interessiert sind, m\u00fcssen Sie uns dar\u00fcber informieren, indem Sie eine E-Mail an Fytocina SL senden. Geben Sie Ihren Namen, den Namen Ihrer Organisation, Kontaktinformationen sowie die URL Ihrer Website, eine Liste der URLs, von denen Sie auf unsere Website verlinken m\u00f6chten, und eine Liste der URLs auf unserer Website an, auf die Sie verlinken m\u00f6chten. Bitte warten Sie 2-3 Wochen auf eine Antwort. Zugelassene Organisationen k\u00f6nnen Hyperlinks zu unserer Website wie folgt einrichten: durch die Verwendung unseres Firmennamens; oder durch Verwendung des Uniform Resource Locator, mit dem sie verlinkt ist; oder Durch die<\/p>\n","protected":false},"author":6,"featured_media":0,"parent":0,"menu_order":0,"comment_status":"closed","ping_status":"closed","template":"","meta":{"site-sidebar-layout":"default","site-content-layout":"","ast-site-content-layout":"default","site-content-style":"default","site-sidebar-style":"default","ast-global-header-display":"","ast-banner-title-visibility":"","ast-main-header-display":"","ast-hfb-above-header-display":"","ast-hfb-below-header-display":"","ast-hfb-mobile-header-display":"","site-post-title":"","ast-breadcrumbs-content":"","ast-featured-img":"","footer-sml-layout":"","ast-disable-related-posts":"","theme-transparent-header-meta":"default","adv-header-id-meta":"","stick-header-meta":"","header-above-stick-meta":"","header-main-stick-meta":"","header-below-stick-meta":"","astra-migrate-meta-layouts":"default","ast-page-background-enabled":"default","ast-page-background-meta":{"desktop":{"background-color":"var(--ast-global-color-4)","background-image":"","background-repeat":"repeat","background-position":"center center","background-size":"auto","background-attachment":"scroll","background-type":"","background-media":"","overlay-type":"","overlay-color":"","overlay-opacity":"","overlay-gradient":""},"tablet":{"background-color":"","background-image":"","background-repeat":"repeat","background-position":"center center","background-size":"auto","background-attachment":"scroll","background-type":"","background-media":"","overlay-type":"","overlay-color":"","overlay-opacity":"","overlay-gradient":""},"mobile":{"background-color":"","background-image":"","background-repeat":"repeat","background-position":"center center","background-size":"auto","background-attachment":"scroll","background-type":"","background-media":"","overlay-type":"","overlay-color":"","overlay-opacity":"","overlay-gradient":""}},"ast-content-background-meta":{"desktop":{"background-color":"var(--ast-global-color-5)","background-image":"","background-repeat":"repeat","background-position":"center center","background-size":"auto","background-attachment":"scroll","background-type":"","background-media":"","overlay-type":"","overlay-color":"","overlay-opacity":"","overlay-gradient":""},"tablet":{"background-color":"var(--ast-global-color-5)","background-image":"","background-repeat":"repeat","background-position":"center center","background-size":"auto","background-attachment":"scroll","background-type":"","background-media":"","overlay-type":"","overlay-color":"","overlay-opacity":"","overlay-gradient":""},"mobile":{"background-color":"var(--ast-global-color-5)","background-image":"","background-repeat":"repeat","background-position":"center center","background-size":"auto","background-attachment":"scroll","background-type":"","background-media":"","overlay-type":"","overlay-color":"","overlay-opacity":"","overlay-gradient":""}},"footnotes":""},"class_list":["post-3303","page","type-page","status-publish","hentry"],"_links":{"self":[{"href":"https:\/\/www.fytocina.com\/de\/wp-json\/wp\/v2\/pages\/3303","targetHints":{"allow":["GET"]}}],"collection":[{"href":"https:\/\/www.fytocina.com\/de\/wp-json\/wp\/v2\/pages"}],"about":[{"href":"https:\/\/www.fytocina.com\/de\/wp-json\/wp\/v2\/types\/page"}],"author":[{"embeddable":true,"href":"https:\/\/www.fytocina.com\/de\/wp-json\/wp\/v2\/users\/6"}],"replies":[{"embeddable":true,"href":"https:\/\/www.fytocina.com\/de\/wp-json\/wp\/v2\/comments?post=3303"}],"version-history":[{"count":9,"href":"https:\/\/www.fytocina.com\/de\/wp-json\/wp\/v2\/pages\/3303\/revisions"}],"predecessor-version":[{"id":4921,"href":"https:\/\/www.fytocina.com\/de\/wp-json\/wp\/v2\/pages\/3303\/revisions\/4921"}],"wp:attachment":[{"href":"https:\/\/www.fytocina.com\/de\/wp-json\/wp\/v2\/media?parent=3303"}],"curies":[{"name":"wp","href":"https:\/\/api.w.org\/{rel}","templated":true}]}}